{"id":165,"date":"2023-02-14T12:20:06","date_gmt":"2023-02-14T12:20:06","guid":{"rendered":"https:\/\/patrickstormly.dk\/?page_id=165"},"modified":"2024-09-16T19:42:15","modified_gmt":"2024-09-16T19:42:15","slug":"forside","status":"publish","type":"page","link":"http:\/\/patrickstormly.dk\/","title":{"rendered":"Forside"},"content":{"rendered":"<p>[et_pb_section fb_built=&#8221;1&#8243; _builder_version=&#8221;4.4.6&#8243; use_background_color_gradient=&#8221;on&#8221; background_color_gradient_direction=&#8221;90deg&#8221; min_height=&#8221;90vh&#8221; bottom_divider_height=&#8221;97px&#8221; bottom_divider_repeat=&#8221;0x&#8221; animation_style=&#8221;fade&#8221; animation_duration=&#8221;200ms&#8221; animation_speed_curve=&#8221;ease-in&#8221; border_radii=&#8221;off|||50px|50px&#8221;][et_pb_row _builder_version=&#8221;4.4.6&#8243; background_image=&#8221;http:\/\/patrickstormly.dk\/wp-content\/uploads\/2023\/02\/Patrick.png&#8221; parallax=&#8221;on&#8221; background_size=&#8221;contain&#8221; min_height=&#8221;70vh&#8221; custom_padding=&#8221;0px|0px|0px|0px|false|false&#8221; animation_style=&#8221;fade&#8221; background_last_edited=&#8221;on|tablet&#8221; parallax_phone=&#8221;off&#8221; background_size_phone=&#8221;cover&#8221; border_radii=&#8221;on|50px|50px|50px|50px&#8221; box_shadow_style=&#8221;preset3&#8243;][et_pb_column type=&#8221;4_4&#8243; _builder_version=&#8221;4.4.6&#8243;][et_pb_image src=&#8221;http:\/\/patrickstormly.dk\/wp-content\/uploads\/2023\/02\/Asset-2.png&#8221; title_text=&#8221;Asset 2&#8243; align=&#8221;center&#8221; _builder_version=&#8221;4.4.6&#8243; width=&#8221;50%&#8221; width_tablet=&#8221;60%&#8221; width_phone=&#8221;75%&#8221; width_last_edited=&#8221;on|desktop&#8221; custom_padding=&#8221;25vh||||false|false&#8221; animation_style=&#8221;slide&#8221; animation_direction=&#8221;top&#8221; animation_duration=&#8221;500ms&#8221; animation_intensity_slide=&#8221;10%&#8221; transform_styles__hover_enabled=&#8221;on|hover&#8221; transform_scale__hover_enabled=&#8221;on|hover&#8221; transform_translate__hover_enabled=&#8221;on|desktop&#8221; transform_rotate__hover_enabled=&#8221;on|desktop&#8221; transform_skew__hover_enabled=&#8221;on|desktop&#8221; transform_origin__hover_enabled=&#8221;on|desktop&#8221; transform_skew__hover=&#8221;8deg|8deg&#8221;][\/et_pb_image][et_pb_button button_url=&#8221;#om&#8221; button_text=&#8221;Om mig&#8221; button_alignment=&#8221;center&#8221; _builder_version=&#8221;4.4.6&#8243; custom_button=&#8221;on&#8221; button_text_size=&#8221;14px&#8221; button_icon_color=&#8221;#ffffff&#8221; custom_margin=&#8221;10vh||||false|false&#8221; custom_padding=&#8221;||||false|false&#8221; animation_style=&#8221;fade&#8221; box_shadow_style=&#8221;preset3&#8243;][\/et_pb_button][\/et_pb_column][\/et_pb_row][\/et_pb_section][et_pb_section fb_built=&#8221;1&#8243; module_id=&#8221;om&#8221; _builder_version=&#8221;4.4.6&#8243; border_radii=&#8221;off|||50px|50px&#8221;][et_pb_row column_structure=&#8221;1_2,1_2&#8243; _builder_version=&#8221;4.4.6&#8243;][et_pb_column type=&#8221;1_2&#8243; _builder_version=&#8221;4.4.6&#8243;][et_pb_image src=&#8221;http:\/\/patrickstormly.dk\/wp-content\/uploads\/2023\/02\/LinkedIndistort.png&#8221; title_text=&#8221;Artboard 1&#8243; _builder_version=&#8221;4.4.6&#8243; hover_transition_duration=&#8221;1000ms&#8221; border_radii=&#8221;on|10px|10px|10px|10px&#8221; box_shadow_style=&#8221;preset3&#8243; src__hover_enabled=&#8221;on|hover&#8221; src__hover=&#8221;http:\/\/patrickstormly.dk\/wp-content\/uploads\/2023\/02\/Artboard-1-1.png&#8221;][\/et_pb_image][\/et_pb_column][et_pb_column type=&#8221;1_2&#8243; _builder_version=&#8221;4.4.6&#8243;][et_pb_text _builder_version=&#8221;4.4.6&#8243;]<\/p>\n<h2 class=\"p1\">Om mig<\/h2>\n<p>Jeg hedder Patrick Stormly Raben, er 31 \u00e5r gammel og bosat p\u00e5 Frederiksberg. Jeg elsker at v\u00e6re igang med noget &#8211; Fysisk og kreativt. I min fritid cykler jeg og spiller fodbold, og elsker at g\u00e5 til koncerter og i Parken n\u00e5r der er mulighed for det. Jeg elsker ogs\u00e5 at v\u00e6re sammen med min familie, der indeholder min k\u00e6reste og snart 3 \u00e5rige s\u00f8n. Vi bruger meget tid ude af byen, hvor vi tager p\u00e5 stranden eller i skoven n\u00e5r vi skal hygge os. Som person er jeg social og udadvendt, og jeg g\u00f8r meget ud af at v\u00e6re et dejligt menneske at v\u00e6re omkring. Jeg pr\u00f8ver ogs\u00e5 at have god humor. Det synes mine venner at jeg har. Min k\u00e6reste synes nogle gange.<\/p>\n<p>[\/et_pb_text][et_pb_text _builder_version=&#8221;4.4.6&#8243;]<\/p>\n<h2>Min faglige profil<\/h2>\n<p class=\"p1\">Med en uddannelse som multimediedesigner og digital konceptudvikler, samt en fortid med lyd og videoproduktioner, kan jeg bidrage med en bred vifte af b\u00e5de praktiske og teoretiske f\u00e6rdigheder. Jeg synes det er sp\u00e6ndende at arbejde med visuel og tekstuel formidling, hvor der skal l\u00f8ses opgaver inden for forretningsudvikling eller markedsf\u00f8ring. Jeg er vild med at v\u00e6re med i processer &#8211; fra brainstorm til et f\u00e6rdigt produkt, og har erfaring fra de forskellige steps. Jeg er en teamplayer og nyder at arbejde p\u00e5 tv\u00e6rs af fagomr\u00e5der. Jeg er vild med at l\u00e6re nye ting, og l\u00e6rer ogs\u00e5 meget gerne fra mig, d\u00e9r hvor jeg kan.<\/p>\n<p class=\"p1\">Jeg har lavet en del forskelligt arbejde. Nedenunder kan du se et par cases jeg har l\u00f8st, og i menuen har jeg samlet forskelligt ad hoc arbejde, jeg har lavet gennem tiden.<\/p>\n<p>[\/et_pb_text][et_pb_button button_url=&#8221;#cases&#8221; button_text=&#8221;Cases&#8221; _builder_version=&#8221;4.4.6&#8243; custom_button=&#8221;on&#8221; button_text_size=&#8221;14px&#8221; button_icon=&#8221;%%34%%&#8221; button_icon_color=&#8221;#ffffff&#8221;][\/et_pb_button][\/et_pb_column][\/et_pb_row][\/et_pb_section][et_pb_section fb_built=&#8221;1&#8243; module_id=&#8221;cases&#8221; _builder_version=&#8221;4.4.6&#8243; use_background_color_gradient=&#8221;on&#8221; background_color_gradient_direction=&#8221;90deg&#8221; top_divider_height=&#8221;50px&#8221; border_radii=&#8221;off|50px|50px||&#8221;][et_pb_row column_structure=&#8221;1_2,1_2&#8243; _builder_version=&#8221;4.4.6&#8243;][et_pb_column type=&#8221;1_2&#8243; _builder_version=&#8221;4.4.6&#8243;][et_pb_text _builder_version=&#8221;4.4.6&#8243;]<\/p>\n<h2><span color=\"#ffffff\" style=\"color: #ffffff;\">Relancering af Danskh\u00e5ndbold.tv &#8211; visuel identitet, kommunikationsstrategi og sociale medier<\/span><\/h2>\n<p><span color=\"#ffffff\" style=\"color: #ffffff;\">Under min ans\u00e6ttelse i Sportway APS,\u00a0 fik jeg ansvaret for at gent\u00e6nke deres marketingsstrategi for streaming-platformen danskh\u00e5ndbold.tv &#8211; en platform der viser dansk bredte- og eliteh\u00e5ndbold. Jeg udviklede en visuel identitet, og skabte et community omkring universet. Samtidig fik jeg de forskellige flader og touchpoints til at h\u00e6nge sammen. L\u00e6s om processen og mine resultater her.<\/span><\/p>\n<p>[\/et_pb_text][et_pb_button button_url=&#8221;@ET-DC@eyJkeW5hbWljIjp0cnVlLCJjb250ZW50IjoicG9zdF9saW5rX3VybF9wYWdlIiwic2V0dGluZ3MiOnsicG9zdF9pZCI6IjQwNCJ9fQ==@&#8221; button_text=&#8221;L\u00e6s mere&#8221; _builder_version=&#8221;4.4.6&#8243; _dynamic_attributes=&#8221;button_url&#8221; custom_button=&#8221;on&#8221; button_text_size=&#8221;13px&#8221; button_text_color=&#8221;#ffffff&#8221; button_border_color=&#8221;#ffffff&#8221; button_icon=&#8221;%%36%%&#8221; button_icon_color=&#8221;#ffffff&#8221;][\/et_pb_button][et_pb_button button_url=&#8221;http:\/\/danskh\u00e5ndbold.tv&#8221; button_text=&#8221;Bes\u00f8g danskh\u00e5ndbold.tv&#8221; _builder_version=&#8221;4.4.6&#8243; custom_button=&#8221;on&#8221; button_text_size=&#8221;13px&#8221; button_text_color=&#8221;#ffffff&#8221; button_border_color=&#8221;#ffffff&#8221; button_icon=&#8221;%%36%%&#8221; button_icon_color=&#8221;#ffffff&#8221;][\/et_pb_button][\/et_pb_column][et_pb_column type=&#8221;1_2&#8243; _builder_version=&#8221;4.4.6&#8243;][et_pb_image src=&#8221;http:\/\/patrickstormly.dk\/wp-content\/uploads\/2024\/02\/Asset-3.png&#8221; title_text=&#8221;Asset 3&#8243; _builder_version=&#8221;4.4.6&#8243; animation_style=&#8221;fade&#8221; border_radii=&#8221;on|10px|10px|10px|10px&#8221; box_shadow_style=&#8221;preset3&#8243;][\/et_pb_image][\/et_pb_column][\/et_pb_row][et_pb_row column_structure=&#8221;1_2,1_2&#8243; _builder_version=&#8221;4.4.6&#8243;][et_pb_column type=&#8221;1_2&#8243; _builder_version=&#8221;4.4.6&#8243;][et_pb_image src=&#8221;http:\/\/patrickstormly.dk\/wp-content\/uploads\/2023\/11\/396555889_669054615369509_3519551772800378432_n.jpg&#8221; title_text=&#8221;396555889_669054615369509_3519551772800378432_n&#8221; _builder_version=&#8221;4.4.6&#8243; animation_style=&#8221;fade&#8221; border_radii=&#8221;on|10px|10px|10px|10px&#8221; box_shadow_style=&#8221;preset3&#8243;][\/et_pb_image][\/et_pb_column][et_pb_column type=&#8221;1_2&#8243; _builder_version=&#8221;4.4.6&#8243;][et_pb_text _builder_version=&#8221;4.4.6&#8243;]<\/p>\n<h2><span color=\"#ffffff\" style=\"color: #ffffff;\">Christianshavns beboerhus<\/span><\/h2>\n<p>\u00a0<span style=\"color: #ffffff; font-size: 14px;\">Under min ans\u00e6ttelse i Christianshavns Beboerhus havde jeg til opgave, at str\u00f8mline den visuelle kommunikation. Kulturhuset havde f\u00e5et udviklet en ny visuel stil, og det var min opgave at udfolde den, p\u00e5 tv\u00e6rs af husets kanaler. Udover det, fik jeg til opgave at producere unikt visuelt indhold til Sociale medier og print, i h\u00e5ber om at skabe st\u00f8rre awareness omkring huset. Det var f.eks. plakater til arrangementer, koncerter og Spisehuset. Jeg udviklede ogs\u00e5 et nyt nyhedsbrevs-format, der har til hensigt at skabe et st\u00f8rre salg af billetter til arrangementer. Sidst men ikke mindst, skabte jeg en ny struktur p\u00e5 deres hjemmeside, for at tydeligg\u00f8re husets CTA &#8211; S\u00e5 der er generelt er kommet mere fokus p\u00e5 salg.<\/span><\/p>\n<p>[\/et_pb_text][et_pb_button button_url=&#8221;@ET-DC@eyJkeW5hbWljIjp0cnVlLCJjb250ZW50IjoicG9zdF9saW5rX3VybF9wYWdlIiwic2V0dGluZ3MiOnsicG9zdF9pZCI6IjM4MSJ9fQ==@&#8221; button_text=&#8221;L\u00e6s mere&#8221; _builder_version=&#8221;4.4.6&#8243; _dynamic_attributes=&#8221;button_url&#8221; custom_button=&#8221;on&#8221; button_text_size=&#8221;13px&#8221; button_text_color=&#8221;#ffffff&#8221; button_border_color=&#8221;#ffffff&#8221; button_icon=&#8221;%%36%%&#8221; button_icon_color=&#8221;#ffffff&#8221;][\/et_pb_button][\/et_pb_column][\/et_pb_row][et_pb_row column_structure=&#8221;1_2,1_2&#8243; _builder_version=&#8221;4.4.6&#8243;][et_pb_column type=&#8221;1_2&#8243; _builder_version=&#8221;4.4.6&#8243;][et_pb_text _builder_version=&#8221;4.4.6&#8243;]<\/p>\n<h2><span style=\"color: #ffffff;\">Merchandise R<\/span><span style=\"color: #ffffff;\">apolitics<\/span><\/h2>\n<p><span style=\"color: #000000;\"><\/span><span style=\"color: #ffffff;\">Rapolitics \u00f8nskede at opdatere deres visuelle identitet, og samtidig lancere ny mearchendise, for at tage skridt mod en mere \u00f8konomisk b\u00e6redygtig forretning. Jeg havde frie t\u00f8jler i forhold til den designm\u00e6ssige retning. Jeg valgte at illustrere omr\u00e5der i K\u00f8benhavn, der kan associeres med Rapolitics, i h\u00e5bet om at translatere den verbale streetkultur rapolitics rummer til en visuel stil. Resultatet solgte rigtig godt, og jeg mener at det faktisk er udsolgt. Det kan ses her, og gennem deres Facebook.<\/span><\/p>\n<p>[\/et_pb_text][\/et_pb_column][et_pb_column type=&#8221;1_2&#8243; _builder_version=&#8221;4.4.6&#8243;][et_pb_gallery gallery_ids=&#8221;129,130&#8243; posts_number=&#8221;2&#8243; show_title_and_caption=&#8221;off&#8221; show_pagination=&#8221;off&#8221; zoom_icon_color=&#8221;#ffffff&#8221; hover_overlay_color=&#8221;rgba(0,0,0,0)&#8221; hover_icon=&#8221;%%15%%&#8221; _builder_version=&#8221;4.4.6&#8243; positioning=&#8221;relative&#8221; position_origin_a=&#8221;center_center&#8221; width=&#8221;100%&#8221; module_alignment=&#8221;center&#8221; custom_margin=&#8221;||-15px|||&#8221; animation_style=&#8221;fade&#8221; animation_speed_curve=&#8221;ease-in&#8221; border_radii_image=&#8221;on|10px|10px|10px|10px&#8221; box_shadow_style_image=&#8221;preset3&#8243;][\/et_pb_gallery][et_pb_button button_url=&#8221;https:\/\/www.facebook.com\/rapolitics\/posts\/4069150813112859\/&#8221; button_text=&#8221;Se merch&#8221; _builder_version=&#8221;4.4.6&#8243; custom_button=&#8221;on&#8221; button_text_size=&#8221;14px&#8221; button_text_color=&#8221;#ffffff&#8221; button_border_color=&#8221;#ffffff&#8221; button_icon=&#8221;%%36%%&#8221; button_icon_color=&#8221;#ffffff&#8221; custom_padding=&#8221;0px|||||&#8221;][\/et_pb_button][\/et_pb_column][\/et_pb_row][\/et_pb_section]<\/p>\n","protected":false},"excerpt":{"rendered":"<p>[et_pb_section fb_built=&#8221;1&#8243; _builder_version=&#8221;4.4.6&#8243; use_background_color_gradient=&#8221;on&#8221; background_color_gradient_direction=&#8221;90deg&#8221; min_height=&#8221;90vh&#8221; bottom_divider_height=&#8221;97px&#8221; bottom_divider_repeat=&#8221;0x&#8221; animation_style=&#8221;fade&#8221; animation_duration=&#8221;200ms&#8221; animation_speed_curve=&#8221;ease-in&#8221; border_radii=&#8221;off|||50px|50px&#8221;][et_pb_row _builder_version=&#8221;4.4.6&#8243; background_image=&#8221;http:\/\/patrickstormly.dk\/wp-content\/uploads\/2023\/02\/Patrick.png&#8221; parallax=&#8221;on&#8221; background_size=&#8221;contain&#8221; min_height=&#8221;70vh&#8221; custom_padding=&#8221;0px|0px|0px|0px|false|false&#8221; animation_style=&#8221;fade&#8221; background_last_edited=&#8221;on|tablet&#8221; parallax_phone=&#8221;off&#8221; background_size_phone=&#8221;cover&#8221; border_radii=&#8221;on|50px|50px|50px|50px&#8221; box_shadow_style=&#8221;preset3&#8243;][et_pb_column type=&#8221;4_4&#8243; _builder_version=&#8221;4.4.6&#8243;][et_pb_image src=&#8221;http:\/\/patrickstormly.dk\/wp-content\/uploads\/2023\/02\/Asset-2.png&#8221; title_text=&#8221;Asset 2&#8243; align=&#8221;center&#8221; _builder_version=&#8221;4.4.6&#8243; width=&#8221;50%&#8221; width_tablet=&#8221;60%&#8221; width_phone=&#8221;75%&#8221; width_last_edited=&#8221;on|desktop&#8221; custom_padding=&#8221;25vh||||false|false&#8221; animation_style=&#8221;slide&#8221; animation_direction=&#8221;top&#8221; animation_duration=&#8221;500ms&#8221; animation_intensity_slide=&#8221;10%&#8221; transform_styles__hover_enabled=&#8221;on|hover&#8221; transform_scale__hover_enabled=&#8221;on|hover&#8221; transform_translate__hover_enabled=&#8221;on|desktop&#8221; transform_rotate__hover_enabled=&#8221;on|desktop&#8221; transform_skew__hover_enabled=&#8221;on|desktop&#8221; transform_origin__hover_enabled=&#8221;on|desktop&#8221; transform_skew__hover=&#8221;8deg|8deg&#8221;][\/et_pb_image][et_pb_button button_url=&#8221;#om&#8221; button_text=&#8221;Om mig&#8221; button_alignment=&#8221;center&#8221; _builder_version=&#8221;4.4.6&#8243; custom_button=&#8221;on&#8221; button_text_size=&#8221;14px&#8221; button_icon_color=&#8221;#ffffff&#8221; [&hellip;]<\/p>\n","protected":false},"author":1,"featured_media":0,"parent":0,"menu_order":0,"comment_status":"closed","ping_status":"closed","template":"","meta":{"_et_pb_use_builder":"on","_et_pb_old_content":"","_et_gb_content_width":"","footnotes":""},"yoast_head":"<!-- This site is optimized with the Yoast SEO plugin v21.2 - https:\/\/yoast.com\/wordpress\/plugins\/seo\/ -->\n<title>Forside - Patrick Stormly<\/title>\n<meta name=\"robots\" content=\"index, follow, max-snippet:-1, max-image-preview:large, max-video-preview:-1\" \/>\n<link rel=\"canonical\" href=\"https:\/\/patrickstormly.dk\/\" \/>\n<meta property=\"og:locale\" content=\"da_DK\" \/>\n<meta property=\"og:type\" content=\"article\" \/>\n<meta property=\"og:title\" content=\"Forside - Patrick Stormly\" \/>\n<meta property=\"og:description\" content=\"[et_pb_section fb_built=&#8221;1&#8243; _builder_version=&#8221;4.4.6&#8243; use_background_color_gradient=&#8221;on&#8221; background_color_gradient_direction=&#8221;90deg&#8221; min_height=&#8221;90vh&#8221; bottom_divider_height=&#8221;97px&#8221; bottom_divider_repeat=&#8221;0x&#8221; animation_style=&#8221;fade&#8221; animation_duration=&#8221;200ms&#8221; animation_speed_curve=&#8221;ease-in&#8221; border_radii=&#8221;off|||50px|50px&#8221;][et_pb_row _builder_version=&#8221;4.4.6&#8243; background_image=&#8221;http:\/\/patrickstormly.dk\/wp-content\/uploads\/2023\/02\/Patrick.png&#8221; parallax=&#8221;on&#8221; background_size=&#8221;contain&#8221; min_height=&#8221;70vh&#8221; custom_padding=&#8221;0px|0px|0px|0px|false|false&#8221; animation_style=&#8221;fade&#8221; background_last_edited=&#8221;on|tablet&#8221; parallax_phone=&#8221;off&#8221; background_size_phone=&#8221;cover&#8221; border_radii=&#8221;on|50px|50px|50px|50px&#8221; box_shadow_style=&#8221;preset3&#8243;][et_pb_column type=&#8221;4_4&#8243; _builder_version=&#8221;4.4.6&#8243;][et_pb_image src=&#8221;http:\/\/patrickstormly.dk\/wp-content\/uploads\/2023\/02\/Asset-2.png&#8221; title_text=&#8221;Asset 2&#8243; align=&#8221;center&#8221; _builder_version=&#8221;4.4.6&#8243; width=&#8221;50%&#8221; width_tablet=&#8221;60%&#8221; width_phone=&#8221;75%&#8221; width_last_edited=&#8221;on|desktop&#8221; custom_padding=&#8221;25vh||||false|false&#8221; animation_style=&#8221;slide&#8221; animation_direction=&#8221;top&#8221; animation_duration=&#8221;500ms&#8221; animation_intensity_slide=&#8221;10%&#8221; transform_styles__hover_enabled=&#8221;on|hover&#8221; transform_scale__hover_enabled=&#8221;on|hover&#8221; transform_translate__hover_enabled=&#8221;on|desktop&#8221; transform_rotate__hover_enabled=&#8221;on|desktop&#8221; transform_skew__hover_enabled=&#8221;on|desktop&#8221; transform_origin__hover_enabled=&#8221;on|desktop&#8221; transform_skew__hover=&#8221;8deg|8deg&#8221;][\/et_pb_image][et_pb_button button_url=&#8221;#om&#8221; button_text=&#8221;Om mig&#8221; button_alignment=&#8221;center&#8221; _builder_version=&#8221;4.4.6&#8243; custom_button=&#8221;on&#8221; button_text_size=&#8221;14px&#8221; button_icon_color=&#8221;#ffffff&#8221; [&hellip;]\" \/>\n<meta property=\"og:url\" content=\"https:\/\/patrickstormly.dk\/\" \/>\n<meta property=\"og:site_name\" content=\"Patrick Stormly\" \/>\n<meta property=\"article:modified_time\" content=\"2024-09-16T19:42:15+00:00\" \/>\n<meta name=\"twitter:card\" content=\"summary_large_image\" \/>\n<meta name=\"twitter:label1\" content=\"Estimeret l\u00e6setid\" \/>\n\t<meta name=\"twitter:data1\" content=\"7 minutter\" \/>\n<script type=\"application\/ld+json\" class=\"yoast-schema-graph\">{\"@context\":\"https:\/\/schema.org\",\"@graph\":[{\"@type\":\"WebPage\",\"@id\":\"https:\/\/patrickstormly.dk\/\",\"url\":\"https:\/\/patrickstormly.dk\/\",\"name\":\"Forside - Patrick Stormly\",\"isPartOf\":{\"@id\":\"https:\/\/patrickstormly.dk\/#website\"},\"datePublished\":\"2023-02-14T12:20:06+00:00\",\"dateModified\":\"2024-09-16T19:42:15+00:00\",\"breadcrumb\":{\"@id\":\"https:\/\/patrickstormly.dk\/#breadcrumb\"},\"inLanguage\":\"da-DK\",\"potentialAction\":[{\"@type\":\"ReadAction\",\"target\":[\"https:\/\/patrickstormly.dk\/\"]}]},{\"@type\":\"BreadcrumbList\",\"@id\":\"https:\/\/patrickstormly.dk\/#breadcrumb\",\"itemListElement\":[{\"@type\":\"ListItem\",\"position\":1,\"name\":\"Hjem\",\"item\":\"https:\/\/patrickstormly.dk\/\"},{\"@type\":\"ListItem\",\"position\":2,\"name\":\"Forside\"}]},{\"@type\":\"WebSite\",\"@id\":\"https:\/\/patrickstormly.dk\/#website\",\"url\":\"https:\/\/patrickstormly.dk\/\",\"name\":\"Patrick Stormly\",\"description\":\"Portfolio\",\"potentialAction\":[{\"@type\":\"SearchAction\",\"target\":{\"@type\":\"EntryPoint\",\"urlTemplate\":\"https:\/\/patrickstormly.dk\/?s={search_term_string}\"},\"query-input\":\"required name=search_term_string\"}],\"inLanguage\":\"da-DK\"}]}<\/script>\n<!-- \/ Yoast SEO plugin. -->","yoast_head_json":{"title":"Forside - Patrick Stormly","robots":{"index":"index","follow":"follow","max-snippet":"max-snippet:-1","max-image-preview":"max-image-preview:large","max-video-preview":"max-video-preview:-1"},"canonical":"https:\/\/patrickstormly.dk\/","og_locale":"da_DK","og_type":"article","og_title":"Forside - Patrick Stormly","og_description":"[et_pb_section fb_built=&#8221;1&#8243; _builder_version=&#8221;4.4.6&#8243; use_background_color_gradient=&#8221;on&#8221; background_color_gradient_direction=&#8221;90deg&#8221; min_height=&#8221;90vh&#8221; bottom_divider_height=&#8221;97px&#8221; bottom_divider_repeat=&#8221;0x&#8221; animation_style=&#8221;fade&#8221; animation_duration=&#8221;200ms&#8221; animation_speed_curve=&#8221;ease-in&#8221; border_radii=&#8221;off|||50px|50px&#8221;][et_pb_row _builder_version=&#8221;4.4.6&#8243; background_image=&#8221;http:\/\/patrickstormly.dk\/wp-content\/uploads\/2023\/02\/Patrick.png&#8221; parallax=&#8221;on&#8221; background_size=&#8221;contain&#8221; min_height=&#8221;70vh&#8221; custom_padding=&#8221;0px|0px|0px|0px|false|false&#8221; animation_style=&#8221;fade&#8221; background_last_edited=&#8221;on|tablet&#8221; parallax_phone=&#8221;off&#8221; background_size_phone=&#8221;cover&#8221; border_radii=&#8221;on|50px|50px|50px|50px&#8221; box_shadow_style=&#8221;preset3&#8243;][et_pb_column type=&#8221;4_4&#8243; _builder_version=&#8221;4.4.6&#8243;][et_pb_image src=&#8221;http:\/\/patrickstormly.dk\/wp-content\/uploads\/2023\/02\/Asset-2.png&#8221; title_text=&#8221;Asset 2&#8243; align=&#8221;center&#8221; _builder_version=&#8221;4.4.6&#8243; width=&#8221;50%&#8221; width_tablet=&#8221;60%&#8221; width_phone=&#8221;75%&#8221; width_last_edited=&#8221;on|desktop&#8221; custom_padding=&#8221;25vh||||false|false&#8221; animation_style=&#8221;slide&#8221; animation_direction=&#8221;top&#8221; animation_duration=&#8221;500ms&#8221; animation_intensity_slide=&#8221;10%&#8221; transform_styles__hover_enabled=&#8221;on|hover&#8221; transform_scale__hover_enabled=&#8221;on|hover&#8221; transform_translate__hover_enabled=&#8221;on|desktop&#8221; transform_rotate__hover_enabled=&#8221;on|desktop&#8221; transform_skew__hover_enabled=&#8221;on|desktop&#8221; transform_origin__hover_enabled=&#8221;on|desktop&#8221; transform_skew__hover=&#8221;8deg|8deg&#8221;][\/et_pb_image][et_pb_button button_url=&#8221;#om&#8221; button_text=&#8221;Om mig&#8221; button_alignment=&#8221;center&#8221; _builder_version=&#8221;4.4.6&#8243; custom_button=&#8221;on&#8221; button_text_size=&#8221;14px&#8221; button_icon_color=&#8221;#ffffff&#8221; [&hellip;]","og_url":"https:\/\/patrickstormly.dk\/","og_site_name":"Patrick Stormly","article_modified_time":"2024-09-16T19:42:15+00:00","twitter_card":"summary_large_image","twitter_misc":{"Estimeret l\u00e6setid":"7 minutter"},"schema":{"@context":"https:\/\/schema.org","@graph":[{"@type":"WebPage","@id":"https:\/\/patrickstormly.dk\/","url":"https:\/\/patrickstormly.dk\/","name":"Forside - Patrick Stormly","isPartOf":{"@id":"https:\/\/patrickstormly.dk\/#website"},"datePublished":"2023-02-14T12:20:06+00:00","dateModified":"2024-09-16T19:42:15+00:00","breadcrumb":{"@id":"https:\/\/patrickstormly.dk\/#breadcrumb"},"inLanguage":"da-DK","potentialAction":[{"@type":"ReadAction","target":["https:\/\/patrickstormly.dk\/"]}]},{"@type":"BreadcrumbList","@id":"https:\/\/patrickstormly.dk\/#breadcrumb","itemListElement":[{"@type":"ListItem","position":1,"name":"Hjem","item":"https:\/\/patrickstormly.dk\/"},{"@type":"ListItem","position":2,"name":"Forside"}]},{"@type":"WebSite","@id":"https:\/\/patrickstormly.dk\/#website","url":"https:\/\/patrickstormly.dk\/","name":"Patrick Stormly","description":"Portfolio","potentialAction":[{"@type":"SearchAction","target":{"@type":"EntryPoint","urlTemplate":"https:\/\/patrickstormly.dk\/?s={search_term_string}"},"query-input":"required name=search_term_string"}],"inLanguage":"da-DK"}]}},"_links":{"self":[{"href":"http:\/\/patrickstormly.dk\/index.php?rest_route=\/wp\/v2\/pages\/165"}],"collection":[{"href":"http:\/\/patrickstormly.dk\/index.php?rest_route=\/wp\/v2\/pages"}],"about":[{"href":"http:\/\/patrickstormly.dk\/index.php?rest_route=\/wp\/v2\/types\/page"}],"author":[{"embeddable":true,"href":"http:\/\/patrickstormly.dk\/index.php?rest_route=\/wp\/v2\/users\/1"}],"replies":[{"embeddable":true,"href":"http:\/\/patrickstormly.dk\/index.php?rest_route=%2Fwp%2Fv2%2Fcomments&post=165"}],"version-history":[{"count":78,"href":"http:\/\/patrickstormly.dk\/index.php?rest_route=\/wp\/v2\/pages\/165\/revisions"}],"predecessor-version":[{"id":430,"href":"http:\/\/patrickstormly.dk\/index.php?rest_route=\/wp\/v2\/pages\/165\/revisions\/430"}],"wp:attachment":[{"href":"http:\/\/patrickstormly.dk\/index.php?rest_route=%2Fwp%2Fv2%2Fmedia&parent=165"}],"curies":[{"name":"wp","href":"https:\/\/api.w.org\/{rel}","templated":true}]}}