{"id":2,"date":"2023-02-06T14:10:10","date_gmt":"2023-02-06T14:10:10","guid":{"rendered":"http:\/\/patrickstormly.dk\/?page_id=2"},"modified":"2023-02-16T12:03:38","modified_gmt":"2023-02-16T12:03:38","slug":"sample-page","status":"publish","type":"page","link":"http:\/\/patrickstormly.dk\/?page_id=2","title":{"rendered":"Foto"},"content":{"rendered":"<p>[et_pb_section fb_built=&#8221;1&#8243; _builder_version=&#8221;4.4.6&#8243;][et_pb_row _builder_version=&#8221;4.4.6&#8243; hover_enabled=&#8221;0&#8243;][et_pb_column _builder_version=&#8221;4.4.6&#8243; type=&#8221;4_4&#8243;][et_pb_text _builder_version=&#8221;4.4.6&#8243; hover_enabled=&#8221;0&#8243;]<\/p>\n<h2>Foto og redigering<\/h2>\n<p>Jeg elsker at tage billeder der fort\u00e6ller en historie. Er stor fan af sk\u00e6ve vinkler og utraditionelle kompositioner. Her er nogle ekesmpler p\u00e5 min stil.<\/p>\n<p>[\/et_pb_text][\/et_pb_column][\/et_pb_row][et_pb_row _builder_version=&#8221;4.4.6&#8243;][et_pb_column type=&#8221;4_4&#8243; _builder_version=&#8221;4.4.6&#8243;][et_pb_code _builder_version=&#8221;4.4.6&#8243;]<\/p>\n<div id=\"container\"><!-- [et_pb_line_break_holder] -->\t\t<\/p>\n<div class=\"grid-sizer\"><\/div>\n<p><!-- [et_pb_line_break_holder] -->\t\t<\/p>\n<div class=\"item\"><!-- [et_pb_line_break_holder] -->\t\t\t<img decoding=\"async\" src=\"http:\/\/patrickstormly.dk\/wp-content\/uploads\/2023\/02\/1040270-scaled.jpg\" class=\"image\"><!-- [et_pb_line_break_holder] -->\t\t<\/div>\n<p><!-- [et_pb_line_break_holder] -->\t\t<\/p>\n<div class=\"item\"><!-- [et_pb_line_break_holder] -->\t\t\t<img decoding=\"async\" src=\"http:\/\/patrickstormly.dk\/wp-content\/uploads\/2023\/02\/1030247-scaled.jpg\" class=\"image\"><!-- [et_pb_line_break_holder] -->\t\t<\/div>\n<p><!-- [et_pb_line_break_holder] -->\t\t<\/p>\n<div class=\"item\"><!-- [et_pb_line_break_holder] -->\t\t\t<img decoding=\"async\" src=\"http:\/\/patrickstormly.dk\/wp-content\/uploads\/2023\/02\/1020226-scaled.jpg\" class=\"image\"><!-- [et_pb_line_break_holder] -->\t\t<\/div>\n<p><!-- [et_pb_line_break_holder] -->\t\t<\/p>\n<div class=\"item\"><!-- [et_pb_line_break_holder] -->\t\t\t<img decoding=\"async\" src=\"http:\/\/patrickstormly.dk\/wp-content\/uploads\/2023\/02\/1010968-scaled.jpg\" class=\"image\"><!-- [et_pb_line_break_holder] -->\t\t<\/div>\n<p><!-- [et_pb_line_break_holder] -->\t\t<\/p>\n<div class=\"item\"><!-- [et_pb_line_break_holder] -->\t\t\t<img decoding=\"async\" src=\"http:\/\/patrickstormly.dk\/wp-content\/uploads\/2023\/02\/DSC_2197-scaled.jpg\" class=\"image\"><!-- [et_pb_line_break_holder] -->\t\t<\/div>\n<p><!-- [et_pb_line_break_holder] -->\t\t<\/p>\n<div class=\"item\"><!-- [et_pb_line_break_holder] -->\t\t\t<img decoding=\"async\" src=\"http:\/\/patrickstormly.dk\/wp-content\/uploads\/2023\/02\/DSC_2043-scaled.jpg\" class=\"image\"><!-- [et_pb_line_break_holder] -->\t\t<\/div>\n<p><!-- [et_pb_line_break_holder] -->\t\t<\/p>\n<div class=\"item\"><!-- [et_pb_line_break_holder] -->\t\t\t<img decoding=\"async\" src=\"http:\/\/patrickstormly.dk\/wp-content\/uploads\/2023\/02\/1040155-scaled.jpg\" class=\"image\"><!-- [et_pb_line_break_holder] -->\t\t<\/div>\n<p><!-- [et_pb_line_break_holder] -->\t\t<\/p>\n<div class=\"item\"><!-- [et_pb_line_break_holder] -->\t\t\t<img decoding=\"async\" src=\"http:\/\/patrickstormly.dk\/wp-content\/uploads\/2023\/02\/1030702-scaled.jpg\" class=\"image\"><!-- [et_pb_line_break_holder] -->\t\t<\/div>\n<p><!-- [et_pb_line_break_holder] -->\t\t<\/p>\n<div class=\"item\"><!-- [et_pb_line_break_holder] -->\t\t\t<img decoding=\"async\" src=\"http:\/\/patrickstormly.dk\/wp-content\/uploads\/2023\/02\/1040178-scaled.jpg\" class=\"image\"><!-- [et_pb_line_break_holder] -->\t\t<\/div>\n<p><!-- [et_pb_line_break_holder] -->  <!-- [et_pb_line_break_holder] -->  <\/p>\n<div class=\"item\"><!-- [et_pb_line_break_holder] -->\t\t\t<img decoding=\"async\" src=\"http:\/\/patrickstormly.dk\/wp-content\/uploads\/2023\/02\/1040110-scaled.jpg\" class=\"image\"><!-- [et_pb_line_break_holder] -->\t\t<\/div>\n<p><!-- [et_pb_line_break_holder] -->  <!-- [et_pb_line_break_holder] --><!-- [et_pb_line_break_holder] -->  <!-- [et_pb_line_break_holder] -->  <\/p>\n<div class=\"item\"><!-- [et_pb_line_break_holder] -->\t\t\t<img decoding=\"async\" src=\"http:\/\/patrickstormly.dk\/wp-content\/uploads\/2023\/02\/1030673-scaled.jpg\" class=\"image\"><!-- [et_pb_line_break_holder] -->\t\t<\/div>\n<p><!-- [et_pb_line_break_holder] -->  <!-- [et_pb_line_break_holder] -->  <\/p>\n<div class=\"item\"><!-- [et_pb_line_break_holder] -->\t\t\t<img decoding=\"async\" src=\"http:\/\/patrickstormly.dk\/wp-content\/uploads\/2023\/02\/1030713-scaled.jpg\" class=\"image\"><!-- [et_pb_line_break_holder] -->\t\t<\/div>\n<p><!-- [et_pb_line_break_holder] -->  <!-- [et_pb_line_break_holder] --><!-- [et_pb_line_break_holder] --><\/div>\n<p>[\/et_pb_code][\/et_pb_column][\/et_pb_row][\/et_pb_section]<\/p>\n","protected":false},"excerpt":{"rendered":"<p>[et_pb_section fb_built=&#8221;1&#8243; _builder_version=&#8221;4.4.6&#8243;][et_pb_row _builder_version=&#8221;4.4.6&#8243; hover_enabled=&#8221;0&#8243;][et_pb_column _builder_version=&#8221;4.4.6&#8243; type=&#8221;4_4&#8243;][et_pb_text _builder_version=&#8221;4.4.6&#8243; hover_enabled=&#8221;0&#8243;] Foto og redigering Jeg elsker at tage billeder der fort\u00e6ller en historie. Er stor fan af sk\u00e6ve vinkler og utraditionelle kompositioner. Her er nogle ekesmpler p\u00e5 min stil. [\/et_pb_text][\/et_pb_column][\/et_pb_row][et_pb_row _builder_version=&#8221;4.4.6&#8243;][et_pb_column type=&#8221;4_4&#8243; _builder_version=&#8221;4.4.6&#8243;][et_pb_code _builder_version=&#8221;4.4.6&#8243;] [\/et_pb_code][\/et_pb_column][\/et_pb_row][\/et_pb_section]<\/p>\n","protected":false},"author":1,"featured_media":0,"parent":0,"menu_order":0,"comment_status":"closed","ping_status":"closed","template":"","meta":{"_et_pb_use_builder":"on","_et_pb_old_content":"<!-- wp:paragraph -->\n<p>This is an example page. It's different from a blog post because it will stay in one place and will show up in your site navigation (in most themes). Most people start with an About page that introduces them to potential site visitors. It might say something like this:<\/p>\n<!-- \/wp:paragraph -->\n\n<!-- wp:quote -->\n<blockquote class=\"wp-block-quote\"><p>Hi there! I'm a bike messenger by day, aspiring actor by night, and this is my website. I live in Los Angeles, have a great dog named Jack, and I like pi&#241;a coladas. (And gettin' caught in the rain.)<\/p><\/blockquote>\n<!-- \/wp:quote -->\n\n<!-- wp:paragraph -->\n<p>...or something like this:<\/p>\n<!-- \/wp:paragraph -->\n\n<!-- wp:quote -->\n<blockquote class=\"wp-block-quote\"><p>The XYZ Doohickey Company was founded in 1971, and has been providing quality doohickeys to the public ever since. Located in Gotham City, XYZ employs over 2,000 people and does all kinds of awesome things for the Gotham community.<\/p><\/blockquote>\n<!-- \/wp:quote -->\n\n<!-- wp:paragraph -->\n<p>As a new WordPress user, you should go to <a href=\"http:\/\/patrickstormly.dk\/wp-admin\/\">your dashboard<\/a> to delete this page and create new pages for your content. Have fun!<\/p>\n<!-- \/wp:paragraph -->","_et_gb_content_width":"","footnotes":""},"yoast_head":"<!-- This site is optimized with the Yoast SEO plugin v21.2 - https:\/\/yoast.com\/wordpress\/plugins\/seo\/ -->\n<title>Foto - Patrick Stormly<\/title>\n<meta name=\"robots\" content=\"index, follow, max-snippet:-1, max-image-preview:large, max-video-preview:-1\" \/>\n<link rel=\"canonical\" href=\"http:\/\/patrickstormly.dk\/?page_id=2\" \/>\n<meta property=\"og:locale\" content=\"da_DK\" \/>\n<meta property=\"og:type\" content=\"article\" \/>\n<meta property=\"og:title\" content=\"Foto - Patrick Stormly\" \/>\n<meta property=\"og:description\" content=\"[et_pb_section fb_built=&#8221;1&#8243; _builder_version=&#8221;4.4.6&#8243;][et_pb_row _builder_version=&#8221;4.4.6&#8243; hover_enabled=&#8221;0&#8243;][et_pb_column _builder_version=&#8221;4.4.6&#8243; type=&#8221;4_4&#8243;][et_pb_text _builder_version=&#8221;4.4.6&#8243; hover_enabled=&#8221;0&#8243;] Foto og redigering Jeg elsker at tage billeder der fort\u00e6ller en historie. Er stor fan af sk\u00e6ve vinkler og utraditionelle kompositioner. Her er nogle ekesmpler p\u00e5 min stil. [\/et_pb_text][\/et_pb_column][\/et_pb_row][et_pb_row _builder_version=&#8221;4.4.6&#8243;][et_pb_column type=&#8221;4_4&#8243; _builder_version=&#8221;4.4.6&#8243;][et_pb_code _builder_version=&#8221;4.4.6&#8243;] [\/et_pb_code][\/et_pb_column][\/et_pb_row][\/et_pb_section]\" \/>\n<meta property=\"og:url\" content=\"http:\/\/patrickstormly.dk\/?page_id=2\" \/>\n<meta property=\"og:site_name\" content=\"Patrick Stormly\" \/>\n<meta property=\"article:modified_time\" content=\"2023-02-16T12:03:38+00:00\" \/>\n<meta property=\"og:image\" content=\"http:\/\/patrickstormly.dk\/wp-content\/uploads\/2023\/02\/1040270-scaled.jpg\" \/>\n<meta name=\"twitter:card\" content=\"summary_large_image\" \/>\n<script type=\"application\/ld+json\" class=\"yoast-schema-graph\">{\"@context\":\"https:\/\/schema.org\",\"@graph\":[{\"@type\":\"WebPage\",\"@id\":\"http:\/\/patrickstormly.dk\/?page_id=2\",\"url\":\"http:\/\/patrickstormly.dk\/?page_id=2\",\"name\":\"Foto - Patrick Stormly\",\"isPartOf\":{\"@id\":\"https:\/\/patrickstormly.dk\/#website\"},\"datePublished\":\"2023-02-06T14:10:10+00:00\",\"dateModified\":\"2023-02-16T12:03:38+00:00\",\"breadcrumb\":{\"@id\":\"http:\/\/patrickstormly.dk\/?page_id=2#breadcrumb\"},\"inLanguage\":\"da-DK\",\"potentialAction\":[{\"@type\":\"ReadAction\",\"target\":[\"http:\/\/patrickstormly.dk\/?page_id=2\"]}]},{\"@type\":\"BreadcrumbList\",\"@id\":\"http:\/\/patrickstormly.dk\/?page_id=2#breadcrumb\",\"itemListElement\":[{\"@type\":\"ListItem\",\"position\":1,\"name\":\"Hjem\",\"item\":\"https:\/\/patrickstormly.dk\/\"},{\"@type\":\"ListItem\",\"position\":2,\"name\":\"Foto\"}]},{\"@type\":\"WebSite\",\"@id\":\"https:\/\/patrickstormly.dk\/#website\",\"url\":\"https:\/\/patrickstormly.dk\/\",\"name\":\"Patrick Stormly\",\"description\":\"Portfolio\",\"potentialAction\":[{\"@type\":\"SearchAction\",\"target\":{\"@type\":\"EntryPoint\",\"urlTemplate\":\"https:\/\/patrickstormly.dk\/?s={search_term_string}\"},\"query-input\":\"required name=search_term_string\"}],\"inLanguage\":\"da-DK\"}]}<\/script>\n<!-- \/ Yoast SEO plugin. -->","yoast_head_json":{"title":"Foto - Patrick Stormly","robots":{"index":"index","follow":"follow","max-snippet":"max-snippet:-1","max-image-preview":"max-image-preview:large","max-video-preview":"max-video-preview:-1"},"canonical":"http:\/\/patrickstormly.dk\/?page_id=2","og_locale":"da_DK","og_type":"article","og_title":"Foto - Patrick Stormly","og_description":"[et_pb_section fb_built=&#8221;1&#8243; _builder_version=&#8221;4.4.6&#8243;][et_pb_row _builder_version=&#8221;4.4.6&#8243; hover_enabled=&#8221;0&#8243;][et_pb_column _builder_version=&#8221;4.4.6&#8243; type=&#8221;4_4&#8243;][et_pb_text _builder_version=&#8221;4.4.6&#8243; hover_enabled=&#8221;0&#8243;] Foto og redigering Jeg elsker at tage billeder der fort\u00e6ller en historie. Er stor fan af sk\u00e6ve vinkler og utraditionelle kompositioner. Her er nogle ekesmpler p\u00e5 min stil. [\/et_pb_text][\/et_pb_column][\/et_pb_row][et_pb_row _builder_version=&#8221;4.4.6&#8243;][et_pb_column type=&#8221;4_4&#8243; _builder_version=&#8221;4.4.6&#8243;][et_pb_code _builder_version=&#8221;4.4.6&#8243;] [\/et_pb_code][\/et_pb_column][\/et_pb_row][\/et_pb_section]","og_url":"http:\/\/patrickstormly.dk\/?page_id=2","og_site_name":"Patrick Stormly","article_modified_time":"2023-02-16T12:03:38+00:00","og_image":[{"url":"http:\/\/patrickstormly.dk\/wp-content\/uploads\/2023\/02\/1040270-scaled.jpg"}],"twitter_card":"summary_large_image","schema":{"@context":"https:\/\/schema.org","@graph":[{"@type":"WebPage","@id":"http:\/\/patrickstormly.dk\/?page_id=2","url":"http:\/\/patrickstormly.dk\/?page_id=2","name":"Foto - Patrick Stormly","isPartOf":{"@id":"https:\/\/patrickstormly.dk\/#website"},"datePublished":"2023-02-06T14:10:10+00:00","dateModified":"2023-02-16T12:03:38+00:00","breadcrumb":{"@id":"http:\/\/patrickstormly.dk\/?page_id=2#breadcrumb"},"inLanguage":"da-DK","potentialAction":[{"@type":"ReadAction","target":["http:\/\/patrickstormly.dk\/?page_id=2"]}]},{"@type":"BreadcrumbList","@id":"http:\/\/patrickstormly.dk\/?page_id=2#breadcrumb","itemListElement":[{"@type":"ListItem","position":1,"name":"Hjem","item":"https:\/\/patrickstormly.dk\/"},{"@type":"ListItem","position":2,"name":"Foto"}]},{"@type":"WebSite","@id":"https:\/\/patrickstormly.dk\/#website","url":"https:\/\/patrickstormly.dk\/","name":"Patrick Stormly","description":"Portfolio","potentialAction":[{"@type":"SearchAction","target":{"@type":"EntryPoint","urlTemplate":"https:\/\/patrickstormly.dk\/?s={search_term_string}"},"query-input":"required name=search_term_string"}],"inLanguage":"da-DK"}]}},"_links":{"self":[{"href":"http:\/\/patrickstormly.dk\/index.php?rest_route=\/wp\/v2\/pages\/2"}],"collection":[{"href":"http:\/\/patrickstormly.dk\/index.php?rest_route=\/wp\/v2\/pages"}],"about":[{"href":"http:\/\/patrickstormly.dk\/index.php?rest_route=\/wp\/v2\/types\/page"}],"author":[{"embeddable":true,"href":"http:\/\/patrickstormly.dk\/index.php?rest_route=\/wp\/v2\/users\/1"}],"replies":[{"embeddable":true,"href":"http:\/\/patrickstormly.dk\/index.php?rest_route=%2Fwp%2Fv2%2Fcomments&post=2"}],"version-history":[{"count":8,"href":"http:\/\/patrickstormly.dk\/index.php?rest_route=\/wp\/v2\/pages\/2\/revisions"}],"predecessor-version":[{"id":269,"href":"http:\/\/patrickstormly.dk\/index.php?rest_route=\/wp\/v2\/pages\/2\/revisions\/269"}],"wp:attachment":[{"href":"http:\/\/patrickstormly.dk\/index.php?rest_route=%2Fwp%2Fv2%2Fmedia&parent=2"}],"curies":[{"name":"wp","href":"https:\/\/api.w.org\/{rel}","templated":true}]}}